{"id":2424,"date":"2024-01-23T01:32:40","date_gmt":"2024-01-22T16:32:40","guid":{"rendered":"https:\/\/yuushikai.or.jp\/moriya\/?page_id=2424"},"modified":"2025-09-24T14:58:08","modified_gmt":"2025-09-24T05:58:08","slug":"social","status":"publish","type":"page","link":"https:\/\/yuushikai.or.jp\/moriya\/recruit\/social\/","title":{"rendered":"\u533b\u7642\u30bd\u30fc\u30b7\u30e3\u30eb\u30ef\u30fc\u30ab\u30fc"},"content":{"rendered":"\n<div class=\"wp-block-group is-layout-constrained wp-block-group-is-layout-constrained\">\n<h2 class=\"wp-block-heading is-style-vk-heading-both_ends\"><span class=\"vk-heading__text-wrapper\">\u9762\u63a5\u3084\u65bd\u8a2d\u306e\u898b\u5b66\u30fb\u6761\u4ef6\u7b49\u306b\u95a2\u3059\u308b\u304a\u554f\u3044\u5408\u308f\u305b<\/span><\/h2>\n\n\n\n<h5 class=\"wp-block-heading is-style-vk-heading-background_fill_lightgray has-regular-font-size\">\u304a\u96fb\u8a71\u3067\u306e\u304a\u554f\u3044\u5408\u308f\u305b<\/h5>\n\n\n\n<div class=\"wp-block-vk-blocks-button vk_button vk_button-color-custom vk_button-align-center\"><a href=\"tel:099-273-3195\" class=\"vk_button_link has-text-color vk_button_link-type-text has-vk-color-primary-color btn-lg\" role=\"button\" aria-pressed=\"true\" rel=\"noopener\"><div class=\"vk_button_link_caption\"><i class=\"fa-solid fa-phone vk_button_link_before\" aria-hidden=\"true\"><\/i><span class=\"vk_button_link_txt\"><strong><span data-fontsize=\"30px\" style=\"font-size: 30px;\" class=\"vk_inline-font-size\">099-273-3195<\/span><\/strong><\/span><\/div><\/a><\/div>\n\n\n\n<p class=\"has-text-align-center\">\u53d7\u4ed8\u6642\u9593\u3000\u6708\u66dc\u65e5\uff5e\u91d1\u66dc\u65e5\uff08\u795d\u65e5\u3092\u9664\u304f\uff09\u30009\uff1a00\uff5e17\uff1a00<br>\u62c5\u5f53\uff1a\u63a1\u7528\u62c5\u5f53<\/p>\n\n\n\n<div class=\"wp-block-vk-blocks-spacer vk_spacer vk_spacer-type-margin-top\"><div class=\"vk_block-margin-md--margin-top\"><\/div><\/div>\n<\/div>\n\n\n\n<h3 class=\"wp-block-heading mainmidashi\">\u6b63\u793e\u54e1<\/h3>\n\n\n\n<h5 class=\"wp-block-heading is-style-vk-heading-background_fill_lightgray has-regular-font-size\">\u533b\u7642\u30bd\u30fc\u30b7\u30e3\u30eb\u30ef\u30fc\u30ab\u30fc<\/h5>\n\n\n\n<table id=\"tablepress-26\" class=\"tablepress tablepress-id-26 Tpress_sample2\">\n<tbody>\n<tr class=\"row-1\">\n\t<td class=\"column-1\">\u52e4\u52d9\u5730<\/td><td class=\"column-2\">\u5b88\u5c4b\u75c5\u9662<br \/>\n\u65e5\u7f6e\u5e02\u4f0a\u96c6\u9662\u753a\u5fb3\u91cd2\u4e01\u76ee5-5<\/td>\n<\/tr>\n<tr class=\"row-2\">\n\t<td class=\"column-1\">\u52df\u96c6\u8077\u7a2e<\/td><td class=\"column-2\">\u533b\u7642\u30bd\u30fc\u30b7\u30e3\u30eb\u30ef\u30fc\u30ab\u30fc<\/td>\n<\/tr>\n<tr class=\"row-3\">\n\t<td class=\"column-1\">\u696d\u52d9\u5185\u5bb9<\/td><td class=\"column-2\">\uff0a\u60a3\u8005\u3055\u3093\u3084\u3054\u5bb6\u65cf\u304b\u3089\u306e\u76f8\u8ac7\u5bfe\u5fdc<br \/>\n\u30fb\u5f53\u9662\u307e\u305f\u306f\u4ed6\u75c5\u9662\u3078\u306e\u53d7\u8a3a\u30fb\u5165\u9662\u306b\u95a2\u3059\u308b\u76f8\u8ac7\u5bfe\u5fdc<br \/>\n\u30fb\u65bd\u8a2d\u5165\u6240\u306b\u95a2\u3059\u308b\u76f8\u8ac7\u5bfe\u5fdc<br \/>\n\u30fb\u4ecb\u8b77\u4fdd\u967a\u306e\u7533\u8acb\u3001\u4ecb\u8b77\u4fdd\u967a\u30b5\u30fc\u30d3\u30b9\u5229\u7528\u306b\u95a2\u3059\u308b\u76f8\u8ac7<br \/>\n\uff0a\u9662\u5185\u3067\u306e\u696d\u52d9\u3000<br \/>\n\u30fb\u4ed6\u75c5\u9662\u3078\u306e\u53d7\u8a3a\u30fb\u5165\u9662\u8abf\u6574\u3001\u30ab\u30f3\u30d5\u30a1\u30ec\u30f3\u30b9\u306e\u5b9f\u65bd<br \/>\n\uff0a\u798f\u7949\u65bd\u8a2d\u30fb\u4e8b\u696d\u6240\u3068\u306e\u9023\u643a<br \/>\n\u30fb\u7cfb\u5217\u65bd\u8a2d\u3084\u5631\u8a17\u533b\u3092\u3057\u3066\u3044\u308b\u65bd\u8a2d\u3068\u306e\u9023\u643a<br \/>\n\uff0a\u4ed6\u75c5\u9662\u3068\u306e\u9023\u643a<br \/>\n\u30fb\u6551\u6025\u642c\u9001\u6642\u3084\u8ee2\u9662\u6642\u306e\u642c\u9001\u540c\u884c\u3001\u5fc5\u8981\u6642\u306b\u306f\u53d7\u8a3a\u306e\u9001\u8fce\u3084\u4ed8\u304d\u6dfb\u3044\u5bfe\u5fdc\u3002<br \/>\n\u30fb\u55b6\u696d\u8a2a\u554f\u3084\u5e83\u5831\u8a8c\u4f5c\u6210\u7b49<\/td>\n<\/tr>\n<tr class=\"row-4\">\n\t<td class=\"column-1\">\u96c7\u7528\u5f62\u614b<\/td><td class=\"column-2\">\u6b63\u793e\u54e1<\/td>\n<\/tr>\n<tr class=\"row-5\">\n\t<td class=\"column-1\">\u52e4\u52d9\u6642\u9593<\/td><td class=\"column-2\">\uff18\u6642\uff13\uff10\u5206\uff5e\uff11\uff17\u6642\uff13\uff10\u5206<\/td>\n<\/tr>\n<tr class=\"row-6\">\n\t<td class=\"column-1\">\u6642\u9593\u5916\u52b4\u50cd\u6642\u9593<\/td><td class=\"column-2\">\u306a\u3057<\/td>\n<\/tr>\n<tr class=\"row-7\">\n\t<td class=\"column-1\">\u4f11\u65e5\u7b49<\/td><td class=\"column-2\">\u571f\u65e5\u30fb\u795d\u65e5\u30fb\u305d\u306e\u4ed6<br \/>\n\u9031\u4f11\uff12\u65e5\u5236<br \/>\n\u5e74\u9593\u4f11\u65e5\u6570\uff1a\uff11\uff12\uff10\u65e5<\/td>\n<\/tr>\n<tr class=\"row-8\">\n\t<td class=\"column-1\">\u7d66\u4e0e<\/td><td class=\"column-2\">\u25cf\u7d66\u4e0e\uff1a180,000\uff5e189,000\u7a0b\u5ea6<br \/>\n\u25cf\u5404\u7a2e\u624b\u5f53<br \/>\n\u25cf\u8cde\u4e0e\uff1a\u3042\u308a\uff08\u5e742\u56de\uff09\u3000<\/td>\n<\/tr>\n<tr class=\"row-9\">\n\t<td class=\"column-1\">\u6607\u7d66\u30fb\u8cde\u4e0e<\/td><td class=\"column-2\">\u6607\u7d66\u5236\u5ea6\uff1a\u3042\u308a<br \/>\n<\/td>\n<\/tr>\n<tr class=\"row-10\">\n\t<td class=\"column-1\">\u8cde\u4e0e<\/td><td class=\"column-2\">\u8cde\u4e0e\uff1a\u3042\u308a(\u5e742\u56de\uff09<\/td>\n<\/tr>\n<tr class=\"row-11\">\n\t<td class=\"column-1\">\u9000\u8077\u91d1<\/td><td class=\"column-2\">\uff13\u5e74\u4ee5\u4e0a\u52e4\u52d9\u5f8c\u652f\u7d66<\/td>\n<\/tr>\n<tr class=\"row-12\">\n\t<td class=\"column-1\">\u798f\u5229\u539a\u751f<\/td><td class=\"column-2\">\u96c7\u7528\u4fdd\u967a\uff0c\u52b4\u707d\u4fdd\u967a\uff0c\u5065\u5eb7\u4fdd\u967a\uff0c\u539a\u751f\u5e74\u91d1\uff0c\u8ca1\u5f62<\/td>\n<\/tr>\n<tr class=\"row-13\">\n\t<td class=\"column-1\">\u5fc5\u8981\u306a\uff30\uff23\u30b9\u30ad\u30eb<\/td><td class=\"column-2\">\uff25\uff58\uff43\uff45\uff4c\u3001\uff37\uff4f\uff52\uff44\u7a0b\u5ea6<\/td>\n<\/tr>\n<tr class=\"row-14\">\n\t<td class=\"column-1\">\u5fdc\u52df\u8cc7\u683c<\/td><td class=\"column-2\">\u793e\u4f1a\u798f\u7949\u58eb\u5fc5\u9808<br \/>\n\u666e\u901a\u81ea\u52d5\u8eca\u904b\u8ee2\u514d\u8a31\u3042\u308c\u3070\u5c1a\u53ef\uff08\uff21\uff34\u9650\u5b9a\u53ef\uff09<\/td>\n<\/tr>\n<tr class=\"row-15\">\n\t<td class=\"column-1\">\u5e74\u9f62<\/td><td class=\"column-2\">\u4e0d\u554f<\/td>\n<\/tr>\n<tr class=\"row-16\">\n\t<td class=\"column-1\">\u305d\u306e\u4ed6<\/td><td class=\"column-2\">\u793e\u4f1a\u798f\u7949\u58eb\u5fc5\u9808<br \/>\n\u7d4c\u9a13\u3001\u30d6\u30e9\u30f3\u30af\u3001\u5e74\u9f62\u306f\u554f\u3044\u307e\u305b\u3093\u3002\u52e4\u52d9\u306f\u5b66\u6821\u884c\u4e8b\u7b49\u306e\u76f8\u8ac7\u306b\u67d4\u8edf\u306b\u5fdc\u3058\u307e\u3059\u3002<\/td>\n<\/tr>\n<\/tbody>\n<\/table>\n<!-- #tablepress-26 from cache -->\n\n\n\n<div class=\"wp-block-vk-blocks-spacer vk_spacer vk_spacer-type-margin-top\"><div class=\"vk_block-margin-lg--margin-top\"><\/div><\/div>\n\n\n\n<h3 class=\"wp-block-heading mainmidashi\">\u30d1\u30fc\u30c8\u30fb\u30a2\u30eb\u30d0\u30a4\u30c8<\/h3>\n\n\n\n<p>\u73fe\u5728\u52df\u96c6\u306f\u3042\u308a\u307e\u305b\u3093\u3002<\/p>\n\n\n\n<div class=\"wp-block-vk-blocks-spacer vk_spacer vk_spacer-type-margin-top\"><div class=\"vk_block-margin-sm--margin-top\"><\/div><\/div>\n\n\n\n<div class=\"wp-block-group is-layout-constrained wp-block-group-is-layout-constrained\">\n<h2 class=\"wp-block-heading is-style-vk-heading-both_ends\"><span class=\"vk-heading__text-wrapper\">\u304a\u6c17\u8efd\u306b\u554f\u3044\u5408\u308f\u305b\u304f\u3060\u3055\u3044<\/span><\/h2>\n\n\n\n<h5 class=\"wp-block-heading is-style-vk-heading-background_fill_lightgray has-regular-font-size\">\u304a\u96fb\u8a71\u3067\u306e\u304a\u554f\u3044\u5408\u308f\u305b<\/h5>\n\n\n\n<div class=\"wp-block-vk-blocks-button vk_button vk_button-color-custom vk_button-align-center\"><a href=\"tel:099-273-3195\" class=\"vk_button_link has-text-color vk_button_link-type-text has-vk-color-primary-color btn-lg\" role=\"button\" aria-pressed=\"true\" rel=\"noopener\"><div class=\"vk_button_link_caption\"><i class=\"fa-solid fa-phone vk_button_link_before\" aria-hidden=\"true\"><\/i><span class=\"vk_button_link_txt\"><strong><span data-fontsize=\"30px\" style=\"font-size: 30px;\" class=\"vk_inline-font-size\">099-273-3195<\/span><\/strong><\/span><\/div><\/a><\/div>\n\n\n\n<p class=\"has-text-align-center\">\u53d7\u4ed8\u6642\u9593\u3000\u6708\u66dc\u65e5\uff5e\u91d1\u66dc\u65e5\uff08\u795d\u65e5\u3092\u9664\u304f\uff09\u30009\uff1a00\uff5e17\uff1a00<br>\u62c5\u5f53\uff1a\u63a1\u7528\u62c5\u5f53<\/p>\n\n\n\n<div class=\"wp-block-vk-blocks-spacer vk_spacer vk_spacer-type-margin-top\"><div class=\"vk_block-margin-md--margin-top\"><\/div><\/div>\n\n\n\n<h5 class=\"wp-block-heading is-style-vk-heading-background_fill_lightgray has-regular-font-size\">\u30e1\u30fc\u30eb\u3067\u306e\u304a\u554f\u3044\u5408\u308f\u305b<\/h5>\n\n\n\n<p>\u4e0b\u8a18\u306e\u304a\u554f\u3044\u5408\u308f\u305b\u30d5\u30a9\u30fc\u30e0\u3088\u308a\u9001\u4fe1\u304f\u3060\u3055\u3044\u3002<br>\u6298\u308a\u8fd4\u3057\u3001\u62c5\u5f53\u8005\u3088\u308a\u3054\u9023\u7d61\u3055\u305b\u3066\u3044\u305f\u3060\u304d\u307e\u3059\u3002<\/p>\n\n\n\n<p>\u203b\u304a\u554f\u3044\u5408\u308f\u305b\u30d5\u30a9\u30fc\u30e0\u307e\u305f\u306f\u3001\u304a\u96fb\u8a71\u304b\u3089\u9762\u63a5\u3084\u65bd\u8a2d\u306e\u898b\u5b66\u3092\u7533\u8fbc\u307f\u3044\u305f\u3060\u304d\u5165\u8077\u3055\u308c\u305f\u65b9\u306b\u306f\u3001\u5165\u8077\u652f\u5ea6\u91d1\u5236\u5ea6\u304c\u9069\u7528\u3055\u308c\u307e\u3059\u3002<br><\/p>\n\n\n\n\n<div class=\"wpcf7 no-js\" id=\"wpcf7-f2142-o1\" lang=\"ja\" dir=\"ltr\" data-wpcf7-id=\"2142\">\n<div class=\"screen-reader-response\"><p role=\"status\" aria-live=\"polite\" aria-atomic=\"true\"><\/p> <ul><\/ul><\/div>\n<form action=\"\/moriya\/wp-json\/wp\/v2\/pages\/2424#wpcf7-f2142-o1\" method=\"post\" class=\"wpcf7-form init\" aria-label=\"\u30b3\u30f3\u30bf\u30af\u30c8\u30d5\u30a9\u30fc\u30e0\" novalidate=\"novalidate\" data-status=\"init\">\n<fieldset class=\"hidden-fields-container\"><input type=\"hidden\" name=\"_wpcf7\" value=\"2142\" \/><input type=\"hidden\" name=\"_wpcf7_version\" value=\"6.1.1\" \/><input type=\"hidden\" name=\"_wpcf7_locale\" value=\"ja\" \/><input type=\"hidden\" name=\"_wpcf7_unit_tag\" value=\"wpcf7-f2142-o1\" \/><input type=\"hidden\" name=\"_wpcf7_container_post\" value=\"0\" \/><input type=\"hidden\" name=\"_wpcf7_posted_data_hash\" value=\"\" \/><input type=\"hidden\" name=\"_wpcf7_recaptcha_response\" value=\"\" \/>\n<\/fieldset>\n<table class=\"CF7_table\">\n\t<tr>\n\t\t<th>\n\t\t\t<p><span class=\"CF7_req\">\u5fc5\u9808<\/span>\u304a\u540d\u524d\n\t\t\t<\/p>\n\t\t<\/th>\n\t\t<td>\n\t\t\t<p><span class=\"wpcf7-form-control-wrap\" data-name=\"your-name\"><input size=\"40\" maxlength=\"400\" class=\"wpcf7-form-control wpcf7-text wpcf7-validates-as-required\" aria-required=\"true\" aria-invalid=\"false\" placeholder=\"\u4f8b\uff1a\u9e7f\u5150\u5cf6\u3000\u82b1\u5b50\" value=\"\" type=\"text\" name=\"your-name\" \/><\/span>\n\t\t\t<\/p>\n\t\t<\/td>\n\t<\/tr>\n\t<tr>\n\t\t<th>\n\t\t\t<p><span class=\"CF7_req\">\u5fc5\u9808<\/span>\u96fb\u8a71\u756a\u53f7\n\t\t\t<\/p>\n\t\t<\/th>\n\t\t<td>\n\t\t\t<p><span class=\"wpcf7-form-control-wrap\" data-name=\"your-tel\"><input size=\"40\" maxlength=\"400\" class=\"wpcf7-form-control wpcf7-text wpcf7-validates-as-required\" aria-required=\"true\" aria-invalid=\"false\" placeholder=\"\u4f8b\uff1a090-1234-5678\" value=\"\" type=\"text\" name=\"your-tel\" \/><\/span>\n\t\t\t<\/p>\n\t\t<\/td>\n\t<\/tr>\n\t<tr>\n\t\t<th>\n\t\t\t<p><span class=\"CF7_req\">\u5fc5\u9808<\/span>\u30e1\u30fc\u30eb\u30a2\u30c9\u30ec\u30b9\n\t\t\t<\/p>\n\t\t<\/th>\n\t\t<td>\n\t\t\t<p><span class=\"wpcf7-form-control-wrap\" data-name=\"your-email\"><input size=\"40\" maxlength=\"400\" class=\"wpcf7-form-control wpcf7-email wpcf7-validates-as-required wpcf7-text wpcf7-validates-as-email\" aria-required=\"true\" aria-invalid=\"false\" placeholder=\"\u4f8b\uff1a\u00d7\u00d7\u00d7@\u00d7\u00d7\u00d7.com\" value=\"\" type=\"email\" name=\"your-email\" \/><\/span>\n\t\t\t<\/p>\n\t\t<\/td>\n\t<\/tr>\n\t<tr>\n\t\t<th>\n\t\t\t<p><span class=\"CF7_req\">\u5fc5\u9808<\/span>\u984c\u76ee\n\t\t\t<\/p>\n\t\t<\/th>\n\t\t<td>\n\t\t\t<p><span class=\"wpcf7-form-control-wrap\" data-name=\"your-subject\"><input size=\"40\" maxlength=\"400\" class=\"wpcf7-form-control wpcf7-text wpcf7-validates-as-required\" aria-required=\"true\" aria-invalid=\"false\" placeholder=\"\u4f8b\uff1a\u63a1\u7528\u60c5\u5831\u306b\u3064\u3044\u3066\" value=\"\" type=\"text\" name=\"your-subject\" \/><\/span>\n\t\t\t<\/p>\n\t\t<\/td>\n\t<\/tr>\n\t<tr>\n\t\t<th>\n\t\t\t<p><span class=\"CF7_unreq\">\u4efb\u610f<\/span>\u9762\u63a5\u3084\u65bd\u8a2d\u898b\u5b66\u306e\u304a\u7533\u8fbc\u307f\u3001\u304a\u554f\u3044\u5408\u308f\u305b\u5185\u5bb9\n\t\t\t<\/p>\n\t\t<\/th>\n\t\t<td class=\"message-100\">\n\t\t\t<p><span class=\"wpcf7-form-control-wrap\" data-name=\"your-message\"><textarea cols=\"40\" rows=\"10\" maxlength=\"2000\" class=\"wpcf7-form-control wpcf7-textarea\" aria-invalid=\"false\" placeholder=\"\u6c17\u306b\u306a\u308b\u3053\u3068\u306a\u3069\u9060\u616e\u306a\u304f\u30e1\u30c3\u30bb\u30fc\u30b8\u304f\u3060\u3055\u3044\u3002\" name=\"your-message\"><\/textarea><\/span>\n\t\t\t<\/p>\n\t\t<\/td>\n\t<\/tr>\n<\/table>\n<p class=\"CF7_btn\"><span class=\"wpcf7-form-control-wrap\" data-name=\"acceptance-794\"><span class=\"wpcf7-form-control wpcf7-acceptance\"><span class=\"wpcf7-list-item\"><label><input type=\"checkbox\" name=\"acceptance-794\" value=\"1\" aria-invalid=\"false\" \/><span class=\"wpcf7-list-item-label\">\u500b\u4eba\u60c5\u5831\u306e\u53d6\u308a\u6271\u3044\u306b\u3064\u3044\u3066\u5185\u5bb9\u306b\u540c\u610f\u3059\u308b<\/span><\/label><\/span><\/span><\/span>\n<\/p>\n<p class=\"CF7_btn\"><input class=\"wpcf7-form-control wpcf7-submit has-spinner\" type=\"submit\" value=\"\u9001\u4fe1\u3059\u308b\" \/>\n<\/p><div class=\"wpcf7-response-output\" aria-hidden=\"true\"><\/div>\n<\/form>\n<\/div>\n\n<\/div>\n\n\n\n<div class=\"wp-block-vk-blocks-spacer vk_spacer vk_spacer-type-margin-top\"><div class=\"vk_block-margin-xl--margin-top\"><\/div><\/div>\n","protected":false},"excerpt":{"rendered":"<p>\u533b\u7642\u30bd\u30fc\u30b7\u30e3\u30eb\u30ef\u30fc\u30ab\u30fc\u306e\u6b63\u793e\u54e1\u30fb\u30d1\u30fc\u30c8\u3092\u52df\u96c6\u3057\u3066\u304a\u308a\u307e\u3059\u3002<\/p>\n","protected":false},"author":2,"featured_media":2527,"parent":2133,"menu_order":40,"comment_status":"closed","ping_status":"closed","template":"","meta":{"om_disable_all_campaigns":false,"_monsterinsights_skip_tracking":false,"_monsterinsights_sitenote_active":false,"_monsterinsights_sitenote_note":"","_monsterinsights_sitenote_category":0,"footnotes":""},"class_list":["post-2424","page","type-page","status-publish","has-post-thumbnail","hentry"],"yoast_head":"<!-- This site is optimized with the Yoast SEO plugin v26.0 - https:\/\/yoast.com\/wordpress\/plugins\/seo\/ -->\n<title>\u533b\u7642\u30bd\u30fc\u30b7\u30e3\u30eb\u30ef\u30fc\u30ab\u30fc - \u533b\u7642\u6cd5\u4eba \u4f51\u5fd7\u4f1a\u3000\u5b88\u5c4b\u75c5\u9662<\/title>\n<meta name=\"robots\" content=\"index, follow, max-snippet:-1, max-image-preview:large, max-video-preview:-1\" \/>\n<link rel=\"canonical\" href=\"https:\/\/yuushikai.or.jp\/moriya\/recruit\/social\/\" \/>\n<meta property=\"og:locale\" content=\"ja_JP\" \/>\n<meta property=\"og:type\" content=\"article\" \/>\n<meta property=\"og:title\" content=\"\u533b\u7642\u30bd\u30fc\u30b7\u30e3\u30eb\u30ef\u30fc\u30ab\u30fc - \u533b\u7642\u6cd5\u4eba \u4f51\u5fd7\u4f1a\u3000\u5b88\u5c4b\u75c5\u9662\" \/>\n<meta property=\"og:description\" content=\"\u533b\u7642\u30bd\u30fc\u30b7\u30e3\u30eb\u30ef\u30fc\u30ab\u30fc\u306e\u6b63\u793e\u54e1\u30fb\u30d1\u30fc\u30c8\u3092\u52df\u96c6\u3057\u3066\u304a\u308a\u307e\u3059\u3002\" \/>\n<meta property=\"og:url\" content=\"https:\/\/yuushikai.or.jp\/moriya\/recruit\/social\/\" \/>\n<meta property=\"og:site_name\" content=\"\u533b\u7642\u6cd5\u4eba \u4f51\u5fd7\u4f1a\u3000\u5b88\u5c4b\u75c5\u9662\" \/>\n<meta property=\"article:modified_time\" content=\"2025-09-24T05:58:08+00:00\" \/>\n<meta property=\"og:image\" content=\"https:\/\/yuushikai.or.jp\/moriya\/wp-content\/uploads\/2024\/01\/96d9f5373c4a003c655c473983b20518.jpg\" \/>\n\t<meta property=\"og:image:width\" content=\"500\" \/>\n\t<meta property=\"og:image:height\" content=\"500\" \/>\n\t<meta property=\"og:image:type\" content=\"image\/jpeg\" \/>\n<meta name=\"twitter:card\" content=\"summary_large_image\" \/>\n<meta name=\"twitter:label1\" content=\"\u63a8\u5b9a\u8aad\u307f\u53d6\u308a\u6642\u9593\" \/>\n\t<meta name=\"twitter:data1\" content=\"2\u5206\" \/>\n<script type=\"application\/ld+json\" class=\"yoast-schema-graph\">{\"@context\":\"https:\/\/schema.org\",\"@graph\":[{\"@type\":\"WebPage\",\"@id\":\"https:\/\/yuushikai.or.jp\/moriya\/recruit\/social\/\",\"url\":\"https:\/\/yuushikai.or.jp\/moriya\/recruit\/social\/\",\"name\":\"\u533b\u7642\u30bd\u30fc\u30b7\u30e3\u30eb\u30ef\u30fc\u30ab\u30fc - \u533b\u7642\u6cd5\u4eba \u4f51\u5fd7\u4f1a\u3000\u5b88\u5c4b\u75c5\u9662\",\"isPartOf\":{\"@id\":\"https:\/\/yuushikai.or.jp\/moriya\/#website\"},\"primaryImageOfPage\":{\"@id\":\"https:\/\/yuushikai.or.jp\/moriya\/recruit\/social\/#primaryimage\"},\"image\":{\"@id\":\"https:\/\/yuushikai.or.jp\/moriya\/recruit\/social\/#primaryimage\"},\"thumbnailUrl\":\"https:\/\/yuushikai.or.jp\/moriya\/wp-content\/uploads\/2024\/01\/96d9f5373c4a003c655c473983b20518.jpg\",\"datePublished\":\"2024-01-22T16:32:40+00:00\",\"dateModified\":\"2025-09-24T05:58:08+00:00\",\"breadcrumb\":{\"@id\":\"https:\/\/yuushikai.or.jp\/moriya\/recruit\/social\/#breadcrumb\"},\"inLanguage\":\"ja\",\"potentialAction\":[{\"@type\":\"ReadAction\",\"target\":[\"https:\/\/yuushikai.or.jp\/moriya\/recruit\/social\/\"]}]},{\"@type\":\"ImageObject\",\"inLanguage\":\"ja\",\"@id\":\"https:\/\/yuushikai.or.jp\/moriya\/recruit\/social\/#primaryimage\",\"url\":\"https:\/\/yuushikai.or.jp\/moriya\/wp-content\/uploads\/2024\/01\/96d9f5373c4a003c655c473983b20518.jpg\",\"contentUrl\":\"https:\/\/yuushikai.or.jp\/moriya\/wp-content\/uploads\/2024\/01\/96d9f5373c4a003c655c473983b20518.jpg\",\"width\":500,\"height\":500},{\"@type\":\"BreadcrumbList\",\"@id\":\"https:\/\/yuushikai.or.jp\/moriya\/recruit\/social\/#breadcrumb\",\"itemListElement\":[{\"@type\":\"ListItem\",\"position\":1,\"name\":\"\u30db\u30fc\u30e0\",\"item\":\"https:\/\/yuushikai.or.jp\/moriya\/\"},{\"@type\":\"ListItem\",\"position\":2,\"name\":\"\u63a1\u7528\u60c5\u5831\",\"item\":\"https:\/\/yuushikai.or.jp\/moriya\/recruit\/\"},{\"@type\":\"ListItem\",\"position\":3,\"name\":\"\u533b\u7642\u30bd\u30fc\u30b7\u30e3\u30eb\u30ef\u30fc\u30ab\u30fc\"}]},{\"@type\":\"WebSite\",\"@id\":\"https:\/\/yuushikai.or.jp\/moriya\/#website\",\"url\":\"https:\/\/yuushikai.or.jp\/moriya\/\",\"name\":\"\u533b\u7642\u6cd5\u4eba \u4f51\u5fd7\u4f1a\u3000\u5b88\u5c4b\u75c5\u9662\",\"description\":\"\u5916\u79d1\uff08\u4e73\u817a\u5916\u6765\u3092\u542b\u3080\uff09,\u5185\u79d1\uff08\u809d\u81d3\u30fb\u5faa\u74b0\u5668\u5916\u6765\u3092\u542b\u3080\uff09,\u6574\u5f62\u5916\u79d1,\u6d88\u5316\u5668\u5185\u79d1,\u30ea\u30cf\u30d3\u30ea\u30c6\u30fc\u30b7\u30e7\u30f3\u79d1 \u4e73\u304c\u3093\u691c\u8a3a\",\"publisher\":{\"@id\":\"https:\/\/yuushikai.or.jp\/moriya\/#organization\"},\"potentialAction\":[{\"@type\":\"SearchAction\",\"target\":{\"@type\":\"EntryPoint\",\"urlTemplate\":\"https:\/\/yuushikai.or.jp\/moriya\/?s={search_term_string}\"},\"query-input\":{\"@type\":\"PropertyValueSpecification\",\"valueRequired\":true,\"valueName\":\"search_term_string\"}}],\"inLanguage\":\"ja\"},{\"@type\":\"Organization\",\"@id\":\"https:\/\/yuushikai.or.jp\/moriya\/#organization\",\"name\":\"\u533b\u7642\u6cd5\u4eba \u4f51\u5fd7\u4f1a\u3000\u5b88\u5c4b\u75c5\u9662\",\"url\":\"https:\/\/yuushikai.or.jp\/moriya\/\",\"logo\":{\"@type\":\"ImageObject\",\"inLanguage\":\"ja\",\"@id\":\"https:\/\/yuushikai.or.jp\/moriya\/#\/schema\/logo\/image\/\",\"url\":\"https:\/\/yuushikai.or.jp\/moriya\/wp-content\/uploads\/2018\/04\/logomoriya2.png\",\"contentUrl\":\"https:\/\/yuushikai.or.jp\/moriya\/wp-content\/uploads\/2018\/04\/logomoriya2.png\",\"width\":400,\"height\":60,\"caption\":\"\u533b\u7642\u6cd5\u4eba \u4f51\u5fd7\u4f1a\u3000\u5b88\u5c4b\u75c5\u9662\"},\"image\":{\"@id\":\"https:\/\/yuushikai.or.jp\/moriya\/#\/schema\/logo\/image\/\"}}]}<\/script>\n<!-- \/ Yoast SEO plugin. -->","yoast_head_json":{"title":"\u533b\u7642\u30bd\u30fc\u30b7\u30e3\u30eb\u30ef\u30fc\u30ab\u30fc - \u533b\u7642\u6cd5\u4eba \u4f51\u5fd7\u4f1a\u3000\u5b88\u5c4b\u75c5\u9662","robots":{"index":"index","follow":"follow","max-snippet":"max-snippet:-1","max-image-preview":"max-image-preview:large","max-video-preview":"max-video-preview:-1"},"canonical":"https:\/\/yuushikai.or.jp\/moriya\/recruit\/social\/","og_locale":"ja_JP","og_type":"article","og_title":"\u533b\u7642\u30bd\u30fc\u30b7\u30e3\u30eb\u30ef\u30fc\u30ab\u30fc - \u533b\u7642\u6cd5\u4eba \u4f51\u5fd7\u4f1a\u3000\u5b88\u5c4b\u75c5\u9662","og_description":"\u533b\u7642\u30bd\u30fc\u30b7\u30e3\u30eb\u30ef\u30fc\u30ab\u30fc\u306e\u6b63\u793e\u54e1\u30fb\u30d1\u30fc\u30c8\u3092\u52df\u96c6\u3057\u3066\u304a\u308a\u307e\u3059\u3002","og_url":"https:\/\/yuushikai.or.jp\/moriya\/recruit\/social\/","og_site_name":"\u533b\u7642\u6cd5\u4eba \u4f51\u5fd7\u4f1a\u3000\u5b88\u5c4b\u75c5\u9662","article_modified_time":"2025-09-24T05:58:08+00:00","og_image":[{"width":500,"height":500,"url":"https:\/\/yuushikai.or.jp\/moriya\/wp-content\/uploads\/2024\/01\/96d9f5373c4a003c655c473983b20518.jpg","type":"image\/jpeg"}],"twitter_card":"summary_large_image","twitter_misc":{"\u63a8\u5b9a\u8aad\u307f\u53d6\u308a\u6642\u9593":"2\u5206"},"schema":{"@context":"https:\/\/schema.org","@graph":[{"@type":"WebPage","@id":"https:\/\/yuushikai.or.jp\/moriya\/recruit\/social\/","url":"https:\/\/yuushikai.or.jp\/moriya\/recruit\/social\/","name":"\u533b\u7642\u30bd\u30fc\u30b7\u30e3\u30eb\u30ef\u30fc\u30ab\u30fc - \u533b\u7642\u6cd5\u4eba \u4f51\u5fd7\u4f1a\u3000\u5b88\u5c4b\u75c5\u9662","isPartOf":{"@id":"https:\/\/yuushikai.or.jp\/moriya\/#website"},"primaryImageOfPage":{"@id":"https:\/\/yuushikai.or.jp\/moriya\/recruit\/social\/#primaryimage"},"image":{"@id":"https:\/\/yuushikai.or.jp\/moriya\/recruit\/social\/#primaryimage"},"thumbnailUrl":"https:\/\/yuushikai.or.jp\/moriya\/wp-content\/uploads\/2024\/01\/96d9f5373c4a003c655c473983b20518.jpg","datePublished":"2024-01-22T16:32:40+00:00","dateModified":"2025-09-24T05:58:08+00:00","breadcrumb":{"@id":"https:\/\/yuushikai.or.jp\/moriya\/recruit\/social\/#breadcrumb"},"inLanguage":"ja","potentialAction":[{"@type":"ReadAction","target":["https:\/\/yuushikai.or.jp\/moriya\/recruit\/social\/"]}]},{"@type":"ImageObject","inLanguage":"ja","@id":"https:\/\/yuushikai.or.jp\/moriya\/recruit\/social\/#primaryimage","url":"https:\/\/yuushikai.or.jp\/moriya\/wp-content\/uploads\/2024\/01\/96d9f5373c4a003c655c473983b20518.jpg","contentUrl":"https:\/\/yuushikai.or.jp\/moriya\/wp-content\/uploads\/2024\/01\/96d9f5373c4a003c655c473983b20518.jpg","width":500,"height":500},{"@type":"BreadcrumbList","@id":"https:\/\/yuushikai.or.jp\/moriya\/recruit\/social\/#breadcrumb","itemListElement":[{"@type":"ListItem","position":1,"name":"\u30db\u30fc\u30e0","item":"https:\/\/yuushikai.or.jp\/moriya\/"},{"@type":"ListItem","position":2,"name":"\u63a1\u7528\u60c5\u5831","item":"https:\/\/yuushikai.or.jp\/moriya\/recruit\/"},{"@type":"ListItem","position":3,"name":"\u533b\u7642\u30bd\u30fc\u30b7\u30e3\u30eb\u30ef\u30fc\u30ab\u30fc"}]},{"@type":"WebSite","@id":"https:\/\/yuushikai.or.jp\/moriya\/#website","url":"https:\/\/yuushikai.or.jp\/moriya\/","name":"\u533b\u7642\u6cd5\u4eba \u4f51\u5fd7\u4f1a\u3000\u5b88\u5c4b\u75c5\u9662","description":"\u5916\u79d1\uff08\u4e73\u817a\u5916\u6765\u3092\u542b\u3080\uff09,\u5185\u79d1\uff08\u809d\u81d3\u30fb\u5faa\u74b0\u5668\u5916\u6765\u3092\u542b\u3080\uff09,\u6574\u5f62\u5916\u79d1,\u6d88\u5316\u5668\u5185\u79d1,\u30ea\u30cf\u30d3\u30ea\u30c6\u30fc\u30b7\u30e7\u30f3\u79d1 \u4e73\u304c\u3093\u691c\u8a3a","publisher":{"@id":"https:\/\/yuushikai.or.jp\/moriya\/#organization"},"potentialAction":[{"@type":"SearchAction","target":{"@type":"EntryPoint","urlTemplate":"https:\/\/yuushikai.or.jp\/moriya\/?s={search_term_string}"},"query-input":{"@type":"PropertyValueSpecification","valueRequired":true,"valueName":"search_term_string"}}],"inLanguage":"ja"},{"@type":"Organization","@id":"https:\/\/yuushikai.or.jp\/moriya\/#organization","name":"\u533b\u7642\u6cd5\u4eba \u4f51\u5fd7\u4f1a\u3000\u5b88\u5c4b\u75c5\u9662","url":"https:\/\/yuushikai.or.jp\/moriya\/","logo":{"@type":"ImageObject","inLanguage":"ja","@id":"https:\/\/yuushikai.or.jp\/moriya\/#\/schema\/logo\/image\/","url":"https:\/\/yuushikai.or.jp\/moriya\/wp-content\/uploads\/2018\/04\/logomoriya2.png","contentUrl":"https:\/\/yuushikai.or.jp\/moriya\/wp-content\/uploads\/2018\/04\/logomoriya2.png","width":400,"height":60,"caption":"\u533b\u7642\u6cd5\u4eba \u4f51\u5fd7\u4f1a\u3000\u5b88\u5c4b\u75c5\u9662"},"image":{"@id":"https:\/\/yuushikai.or.jp\/moriya\/#\/schema\/logo\/image\/"}}]}},"_links":{"self":[{"href":"https:\/\/yuushikai.or.jp\/moriya\/wp-json\/wp\/v2\/pages\/2424","targetHints":{"allow":["GET"]}}],"collection":[{"href":"https:\/\/yuushikai.or.jp\/moriya\/wp-json\/wp\/v2\/pages"}],"about":[{"href":"https:\/\/yuushikai.or.jp\/moriya\/wp-json\/wp\/v2\/types\/page"}],"author":[{"embeddable":true,"href":"https:\/\/yuushikai.or.jp\/moriya\/wp-json\/wp\/v2\/users\/2"}],"replies":[{"embeddable":true,"href":"https:\/\/yuushikai.or.jp\/moriya\/wp-json\/wp\/v2\/comments?post=2424"}],"version-history":[{"count":11,"href":"https:\/\/yuushikai.or.jp\/moriya\/wp-json\/wp\/v2\/pages\/2424\/revisions"}],"predecessor-version":[{"id":3260,"href":"https:\/\/yuushikai.or.jp\/moriya\/wp-json\/wp\/v2\/pages\/2424\/revisions\/3260"}],"up":[{"embeddable":true,"href":"https:\/\/yuushikai.or.jp\/moriya\/wp-json\/wp\/v2\/pages\/2133"}],"wp:featuredmedia":[{"embeddable":true,"href":"https:\/\/yuushikai.or.jp\/moriya\/wp-json\/wp\/v2\/media\/2527"}],"wp:attachment":[{"href":"https:\/\/yuushikai.or.jp\/moriya\/wp-json\/wp\/v2\/media?parent=2424"}],"curies":[{"name":"wp","href":"https:\/\/api.w.org\/{rel}","templated":true}]}}