{"id":2144,"date":"2024-01-19T11:17:23","date_gmt":"2024-01-19T02:17:23","guid":{"rendered":"https:\/\/yuushikai.or.jp\/moriya\/?page_id=2144"},"modified":"2024-01-23T00:00:24","modified_gmt":"2024-01-22T15:00:24","slug":"contact","status":"publish","type":"page","link":"https:\/\/yuushikai.or.jp\/moriya\/contact\/","title":{"rendered":"\u304a\u554f\u3044\u5408\u308f\u305b"},"content":{"rendered":"\n<p>\u5b88\u5c4b\u75c5\u9662\u306b\u95a2\u3059\u308b\u304a\u554f\u3044\u5408\u308f\u305b\u306f\u3001\u4e0b\u8a18\u306e\u5404\u304a\u554f\u3044\u5408\u308f\u305b\u5148\u307e\u3067\u3054\u9023\u7d61\u4e0b\u3055\u3044\u3002<\/p>\n\n\n\n<h3 class=\"wp-block-heading mainmidashi\">\u304a\u96fb\u8a71\u3067\u306e\u304a\u554f\u3044\u5408\u308f\u305b<\/h3>\n\n\n\n<h5 class=\"wp-block-heading is-style-vk-heading-background_fill_lightgray has-regular-font-size\">\u8a3a\u7642\u306e\u4e88\u7d04\u30fb\u304a\u554f\u3044\u5408\u308f\u305b<\/h5>\n\n\n\n<div class=\"wp-block-vk-blocks-button vk_button vk_button-color-custom vk_button-align-center\"><a href=\"tel:099-273-3195\" class=\"vk_button_link has-text-color vk_button_link-type-text has-vk-color-primary-color btn-lg\" role=\"button\" aria-pressed=\"true\" rel=\"noopener\"><div class=\"vk_button_link_caption\"><i class=\"fa-solid fa-phone vk_button_link_before\" aria-hidden=\"true\"><\/i><span class=\"vk_button_link_txt\"><strong><span data-fontsize=\"30px\" style=\"font-size: 30px;\" class=\"vk_inline-font-size\">099-273-3195<\/span><\/strong><\/span><\/div><\/a><\/div>\n\n\n\n<p class=\"has-text-align-center\">\u4e88\u7d04\u53d7\u4ed8\u6642\u9593\u3000\u6708\u66dc\u65e5\uff5e\u91d1\u66dc\u65e5\u30009\uff1a30\uff5e17\uff1a00<br>\u5065\u8a3a\u65e5\u3000\u6708\u66dc\u65e5\uff5e\u571f\u66dc\u65e5\uff08\u65e5\u66dc\u65e5\u30fb\u795d\u65e5\u3001\u539f\u5247 \u76c6\u30fb\u5e74\u672b\u5e74\u59cb\u306f\u4f11\u307f\uff09<\/p>\n\n\n\n<div class=\"wp-block-vk-blocks-spacer vk_spacer vk_spacer-type-margin-top\"><div class=\"vk_block-margin-md--margin-top\"><\/div><\/div>\n\n\n\n<h3 class=\"wp-block-heading mainmidashi\">\u30e1\u30fc\u30eb\u3067\u306e\u304a\u554f\u3044\u5408\u308f\u305b<\/h3>\n\n\n\n<p>\u4e0b\u8a18\u306e\u304a\u554f\u3044\u5408\u308f\u305b\u30d5\u30a9\u30fc\u30e0\u3088\u308a\u9001\u4fe1\u304f\u3060\u3055\u3044\u3002\u6298\u308a\u8fd4\u3057\u62c5\u5f53\u8005\u3088\u308a\u3054\u8fd4\u4fe1\u3044\u305f\u3057\u307e\u3059\u3002<\/p>\n\n\n\n\n<div class=\"wpcf7 no-js\" id=\"wpcf7-f2141-o1\" lang=\"ja\" dir=\"ltr\" data-wpcf7-id=\"2141\">\n<div class=\"screen-reader-response\"><p role=\"status\" aria-live=\"polite\" aria-atomic=\"true\"><\/p> <ul><\/ul><\/div>\n<form action=\"\/moriya\/wp-json\/wp\/v2\/pages\/2144#wpcf7-f2141-o1\" method=\"post\" class=\"wpcf7-form init\" aria-label=\"\u30b3\u30f3\u30bf\u30af\u30c8\u30d5\u30a9\u30fc\u30e0\" novalidate=\"novalidate\" data-status=\"init\">\n<fieldset class=\"hidden-fields-container\"><input type=\"hidden\" name=\"_wpcf7\" value=\"2141\" \/><input type=\"hidden\" name=\"_wpcf7_version\" value=\"6.1.1\" \/><input type=\"hidden\" name=\"_wpcf7_locale\" value=\"ja\" \/><input type=\"hidden\" name=\"_wpcf7_unit_tag\" value=\"wpcf7-f2141-o1\" \/><input type=\"hidden\" name=\"_wpcf7_container_post\" value=\"0\" \/><input type=\"hidden\" name=\"_wpcf7_posted_data_hash\" value=\"\" \/><input type=\"hidden\" name=\"_wpcf7_recaptcha_response\" value=\"\" \/>\n<\/fieldset>\n<table class=\"CF7_table\">\n\t<tr>\n\t\t<th>\n\t\t\t<p><span class=\"CF7_req\">\u5fc5\u9808<\/span>\u304a\u540d\u524d\n\t\t\t<\/p>\n\t\t<\/th>\n\t\t<td>\n\t\t\t<p><span class=\"wpcf7-form-control-wrap\" data-name=\"your-name\"><input size=\"40\" maxlength=\"400\" class=\"wpcf7-form-control wpcf7-text wpcf7-validates-as-required\" aria-required=\"true\" aria-invalid=\"false\" placeholder=\"\u4f8b\uff1a\u9e7f\u5150\u5cf6\u3000\u592a\u90ce\" value=\"\" type=\"text\" name=\"your-name\" \/><\/span>\n\t\t\t<\/p>\n\t\t<\/td>\n\t<\/tr>\n\t<tr>\n\t\t<th>\n\t\t\t<p><span class=\"CF7_req\">\u5fc5\u9808<\/span>\u30e1\u30fc\u30eb\u30a2\u30c9\u30ec\u30b9\n\t\t\t<\/p>\n\t\t<\/th>\n\t\t<td>\n\t\t\t<p><span class=\"wpcf7-form-control-wrap\" data-name=\"your-email\"><input size=\"40\" maxlength=\"400\" class=\"wpcf7-form-control wpcf7-email wpcf7-validates-as-required wpcf7-text wpcf7-validates-as-email\" aria-required=\"true\" aria-invalid=\"false\" placeholder=\"\u4f8b\uff1a\u00d7\u00d7\u00d7@\u00d7\u00d7\u00d7.com\" value=\"\" type=\"email\" name=\"your-email\" \/><\/span>\n\t\t\t<\/p>\n\t\t<\/td>\n\t<\/tr>\n\t<tr>\n\t\t<th>\n\t\t\t<p><span class=\"CF7_req\">\u5fc5\u9808<\/span>\u984c\u76ee\n\t\t\t<\/p>\n\t\t<\/th>\n\t\t<td>\n\t\t\t<p><span class=\"wpcf7-form-control-wrap\" data-name=\"your-subject\"><input size=\"40\" maxlength=\"400\" class=\"wpcf7-form-control wpcf7-text wpcf7-validates-as-required\" aria-required=\"true\" aria-invalid=\"false\" placeholder=\"\u4f8b\uff1a\u5065\u8a3a\u306b\u3064\u3044\u3066\" value=\"\" type=\"text\" name=\"your-subject\" \/><\/span>\n\t\t\t<\/p>\n\t\t<\/td>\n\t<\/tr>\n\t<tr>\n\t\t<th>\n\t\t\t<p><span class=\"CF7_req\">\u5fc5\u9808<\/span>\u304a\u554f\u3044\u5408\u308f\u305b\u5185\u5bb9\n\t\t\t<\/p>\n\t\t<\/th>\n\t\t<td class=\"message-100\">\n\t\t\t<p><span class=\"wpcf7-form-control-wrap\" data-name=\"your-message\"><textarea cols=\"40\" rows=\"10\" maxlength=\"2000\" class=\"wpcf7-form-control wpcf7-textarea\" aria-invalid=\"false\" placeholder=\"\u304a\u554f\u3044\u5408\u308f\u305b\u5185\u5bb9\u3092\u5165\u529b\u3057\u3066\u304f\u3060\u3055\u3044\u3002\" name=\"your-message\"><\/textarea><\/span>\n\t\t\t<\/p>\n\t\t<\/td>\n\t<\/tr>\n<\/table>\n<p class=\"CF7_btn\"><span class=\"wpcf7-form-control-wrap\" data-name=\"acceptance-794\"><span class=\"wpcf7-form-control wpcf7-acceptance\"><span class=\"wpcf7-list-item\"><label><input type=\"checkbox\" name=\"acceptance-794\" value=\"1\" aria-invalid=\"false\" \/><span class=\"wpcf7-list-item-label\">\u500b\u4eba\u60c5\u5831\u306e\u53d6\u308a\u6271\u3044\u306b\u3064\u3044\u3066\u5185\u5bb9\u306b\u540c\u610f\u3059\u308b<\/span><\/label><\/span><\/span><\/span>\n<\/p>\n<p class=\"CF7_btn\"><input class=\"wpcf7-form-control wpcf7-submit has-spinner\" type=\"submit\" value=\"\u9001\u4fe1\u3059\u308b\" \/>\n<\/p><div class=\"wpcf7-response-output\" aria-hidden=\"true\"><\/div>\n<\/form>\n<\/div>\n\n\n\n\n<div class=\"wp-block-vk-blocks-spacer vk_spacer vk_spacer-type-margin-top\"><div class=\"vk_block-margin-md--margin-top\"><\/div><\/div>\n","protected":false},"excerpt":{"rendered":"<p>\u5b88\u5c4b\u75c5\u9662\u306b\u95a2\u3059\u308b\u304a\u554f\u3044\u5408\u308f\u305b\u306f\u3001\u4e0b\u8a18\u306e\u5404\u304a\u554f\u3044\u5408\u308f\u305b\u5148\u307e\u3067\u3054\u9023\u7d61\u4e0b\u3055\u3044\u3002 \u304a\u96fb\u8a71\u3067\u306e\u304a\u554f\u3044\u5408\u308f\u305b \u8a3a\u7642\u306e\u4e88\u7d04\u30fb\u304a\u554f\u3044\u5408\u308f\u305b \u4e88\u7d04\u53d7\u4ed8\u6642\u9593\u3000\u6708\u66dc\u65e5\uff5e\u91d1\u66dc\u65e5\u30009\uff1a30\uff5e17\uff1a00\u5065\u8a3a\u65e5\u3000\u6708\u66dc\u65e5\uff5e\u571f\u66dc\u65e5\uff08\u65e5\u66dc\u65e5\u30fb\u795d\u65e5\u3001\u539f\u5247 \u76c6 [&hellip;]<\/p>\n","protected":false},"author":1,"featured_media":0,"parent":0,"menu_order":20,"comment_status":"closed","ping_status":"closed","template":"","meta":{"om_disable_all_campaigns":false,"_monsterinsights_skip_tracking":false,"_monsterinsights_sitenote_active":false,"_monsterinsights_sitenote_note":"","_monsterinsights_sitenote_category":0,"footnotes":""},"class_list":["post-2144","page","type-page","status-publish","hentry"],"yoast_head":"<!-- This site is optimized with the Yoast SEO plugin v26.0 - https:\/\/yoast.com\/wordpress\/plugins\/seo\/ -->\n<title>\u304a\u554f\u3044\u5408\u308f\u305b - \u533b\u7642\u6cd5\u4eba \u4f51\u5fd7\u4f1a\u3000\u5b88\u5c4b\u75c5\u9662<\/title>\n<meta name=\"robots\" content=\"index, follow, max-snippet:-1, max-image-preview:large, max-video-preview:-1\" \/>\n<link rel=\"canonical\" href=\"https:\/\/yuushikai.or.jp\/moriya\/contact\/\" \/>\n<meta property=\"og:locale\" content=\"ja_JP\" \/>\n<meta property=\"og:type\" content=\"article\" \/>\n<meta property=\"og:title\" content=\"\u304a\u554f\u3044\u5408\u308f\u305b - \u533b\u7642\u6cd5\u4eba \u4f51\u5fd7\u4f1a\u3000\u5b88\u5c4b\u75c5\u9662\" \/>\n<meta property=\"og:description\" content=\"\u5b88\u5c4b\u75c5\u9662\u306b\u95a2\u3059\u308b\u304a\u554f\u3044\u5408\u308f\u305b\u306f\u3001\u4e0b\u8a18\u306e\u5404\u304a\u554f\u3044\u5408\u308f\u305b\u5148\u307e\u3067\u3054\u9023\u7d61\u4e0b\u3055\u3044\u3002 \u304a\u96fb\u8a71\u3067\u306e\u304a\u554f\u3044\u5408\u308f\u305b \u8a3a\u7642\u306e\u4e88\u7d04\u30fb\u304a\u554f\u3044\u5408\u308f\u305b \u4e88\u7d04\u53d7\u4ed8\u6642\u9593\u3000\u6708\u66dc\u65e5\uff5e\u91d1\u66dc\u65e5\u30009\uff1a30\uff5e17\uff1a00\u5065\u8a3a\u65e5\u3000\u6708\u66dc\u65e5\uff5e\u571f\u66dc\u65e5\uff08\u65e5\u66dc\u65e5\u30fb\u795d\u65e5\u3001\u539f\u5247 \u76c6 [&hellip;]\" \/>\n<meta property=\"og:url\" content=\"https:\/\/yuushikai.or.jp\/moriya\/contact\/\" \/>\n<meta property=\"og:site_name\" content=\"\u533b\u7642\u6cd5\u4eba \u4f51\u5fd7\u4f1a\u3000\u5b88\u5c4b\u75c5\u9662\" \/>\n<meta property=\"article:modified_time\" content=\"2024-01-22T15:00:24+00:00\" \/>\n<meta name=\"twitter:card\" content=\"summary_large_image\" \/>\n<script type=\"application\/ld+json\" class=\"yoast-schema-graph\">{\"@context\":\"https:\/\/schema.org\",\"@graph\":[{\"@type\":\"WebPage\",\"@id\":\"https:\/\/yuushikai.or.jp\/moriya\/contact\/\",\"url\":\"https:\/\/yuushikai.or.jp\/moriya\/contact\/\",\"name\":\"\u304a\u554f\u3044\u5408\u308f\u305b - \u533b\u7642\u6cd5\u4eba \u4f51\u5fd7\u4f1a\u3000\u5b88\u5c4b\u75c5\u9662\",\"isPartOf\":{\"@id\":\"https:\/\/yuushikai.or.jp\/moriya\/#website\"},\"datePublished\":\"2024-01-19T02:17:23+00:00\",\"dateModified\":\"2024-01-22T15:00:24+00:00\",\"breadcrumb\":{\"@id\":\"https:\/\/yuushikai.or.jp\/moriya\/contact\/#breadcrumb\"},\"inLanguage\":\"ja\",\"potentialAction\":[{\"@type\":\"ReadAction\",\"target\":[\"https:\/\/yuushikai.or.jp\/moriya\/contact\/\"]}]},{\"@type\":\"BreadcrumbList\",\"@id\":\"https:\/\/yuushikai.or.jp\/moriya\/contact\/#breadcrumb\",\"itemListElement\":[{\"@type\":\"ListItem\",\"position\":1,\"name\":\"\u30db\u30fc\u30e0\",\"item\":\"https:\/\/yuushikai.or.jp\/moriya\/\"},{\"@type\":\"ListItem\",\"position\":2,\"name\":\"\u304a\u554f\u3044\u5408\u308f\u305b\"}]},{\"@type\":\"WebSite\",\"@id\":\"https:\/\/yuushikai.or.jp\/moriya\/#website\",\"url\":\"https:\/\/yuushikai.or.jp\/moriya\/\",\"name\":\"\u533b\u7642\u6cd5\u4eba \u4f51\u5fd7\u4f1a\u3000\u5b88\u5c4b\u75c5\u9662\",\"description\":\"\u5916\u79d1\uff08\u4e73\u817a\u5916\u6765\u3092\u542b\u3080\uff09,\u5185\u79d1\uff08\u809d\u81d3\u30fb\u5faa\u74b0\u5668\u5916\u6765\u3092\u542b\u3080\uff09,\u6574\u5f62\u5916\u79d1,\u6d88\u5316\u5668\u5185\u79d1,\u30ea\u30cf\u30d3\u30ea\u30c6\u30fc\u30b7\u30e7\u30f3\u79d1 \u4e73\u304c\u3093\u691c\u8a3a\",\"publisher\":{\"@id\":\"https:\/\/yuushikai.or.jp\/moriya\/#organization\"},\"potentialAction\":[{\"@type\":\"SearchAction\",\"target\":{\"@type\":\"EntryPoint\",\"urlTemplate\":\"https:\/\/yuushikai.or.jp\/moriya\/?s={search_term_string}\"},\"query-input\":{\"@type\":\"PropertyValueSpecification\",\"valueRequired\":true,\"valueName\":\"search_term_string\"}}],\"inLanguage\":\"ja\"},{\"@type\":\"Organization\",\"@id\":\"https:\/\/yuushikai.or.jp\/moriya\/#organization\",\"name\":\"\u533b\u7642\u6cd5\u4eba \u4f51\u5fd7\u4f1a\u3000\u5b88\u5c4b\u75c5\u9662\",\"url\":\"https:\/\/yuushikai.or.jp\/moriya\/\",\"logo\":{\"@type\":\"ImageObject\",\"inLanguage\":\"ja\",\"@id\":\"https:\/\/yuushikai.or.jp\/moriya\/#\/schema\/logo\/image\/\",\"url\":\"https:\/\/yuushikai.or.jp\/moriya\/wp-content\/uploads\/2018\/04\/logomoriya2.png\",\"contentUrl\":\"https:\/\/yuushikai.or.jp\/moriya\/wp-content\/uploads\/2018\/04\/logomoriya2.png\",\"width\":400,\"height\":60,\"caption\":\"\u533b\u7642\u6cd5\u4eba \u4f51\u5fd7\u4f1a\u3000\u5b88\u5c4b\u75c5\u9662\"},\"image\":{\"@id\":\"https:\/\/yuushikai.or.jp\/moriya\/#\/schema\/logo\/image\/\"}}]}<\/script>\n<!-- \/ Yoast SEO plugin. -->","yoast_head_json":{"title":"\u304a\u554f\u3044\u5408\u308f\u305b - \u533b\u7642\u6cd5\u4eba \u4f51\u5fd7\u4f1a\u3000\u5b88\u5c4b\u75c5\u9662","robots":{"index":"index","follow":"follow","max-snippet":"max-snippet:-1","max-image-preview":"max-image-preview:large","max-video-preview":"max-video-preview:-1"},"canonical":"https:\/\/yuushikai.or.jp\/moriya\/contact\/","og_locale":"ja_JP","og_type":"article","og_title":"\u304a\u554f\u3044\u5408\u308f\u305b - \u533b\u7642\u6cd5\u4eba \u4f51\u5fd7\u4f1a\u3000\u5b88\u5c4b\u75c5\u9662","og_description":"\u5b88\u5c4b\u75c5\u9662\u306b\u95a2\u3059\u308b\u304a\u554f\u3044\u5408\u308f\u305b\u306f\u3001\u4e0b\u8a18\u306e\u5404\u304a\u554f\u3044\u5408\u308f\u305b\u5148\u307e\u3067\u3054\u9023\u7d61\u4e0b\u3055\u3044\u3002 \u304a\u96fb\u8a71\u3067\u306e\u304a\u554f\u3044\u5408\u308f\u305b \u8a3a\u7642\u306e\u4e88\u7d04\u30fb\u304a\u554f\u3044\u5408\u308f\u305b \u4e88\u7d04\u53d7\u4ed8\u6642\u9593\u3000\u6708\u66dc\u65e5\uff5e\u91d1\u66dc\u65e5\u30009\uff1a30\uff5e17\uff1a00\u5065\u8a3a\u65e5\u3000\u6708\u66dc\u65e5\uff5e\u571f\u66dc\u65e5\uff08\u65e5\u66dc\u65e5\u30fb\u795d\u65e5\u3001\u539f\u5247 \u76c6 [&hellip;]","og_url":"https:\/\/yuushikai.or.jp\/moriya\/contact\/","og_site_name":"\u533b\u7642\u6cd5\u4eba \u4f51\u5fd7\u4f1a\u3000\u5b88\u5c4b\u75c5\u9662","article_modified_time":"2024-01-22T15:00:24+00:00","twitter_card":"summary_large_image","schema":{"@context":"https:\/\/schema.org","@graph":[{"@type":"WebPage","@id":"https:\/\/yuushikai.or.jp\/moriya\/contact\/","url":"https:\/\/yuushikai.or.jp\/moriya\/contact\/","name":"\u304a\u554f\u3044\u5408\u308f\u305b - \u533b\u7642\u6cd5\u4eba \u4f51\u5fd7\u4f1a\u3000\u5b88\u5c4b\u75c5\u9662","isPartOf":{"@id":"https:\/\/yuushikai.or.jp\/moriya\/#website"},"datePublished":"2024-01-19T02:17:23+00:00","dateModified":"2024-01-22T15:00:24+00:00","breadcrumb":{"@id":"https:\/\/yuushikai.or.jp\/moriya\/contact\/#breadcrumb"},"inLanguage":"ja","potentialAction":[{"@type":"ReadAction","target":["https:\/\/yuushikai.or.jp\/moriya\/contact\/"]}]},{"@type":"BreadcrumbList","@id":"https:\/\/yuushikai.or.jp\/moriya\/contact\/#breadcrumb","itemListElement":[{"@type":"ListItem","position":1,"name":"\u30db\u30fc\u30e0","item":"https:\/\/yuushikai.or.jp\/moriya\/"},{"@type":"ListItem","position":2,"name":"\u304a\u554f\u3044\u5408\u308f\u305b"}]},{"@type":"WebSite","@id":"https:\/\/yuushikai.or.jp\/moriya\/#website","url":"https:\/\/yuushikai.or.jp\/moriya\/","name":"\u533b\u7642\u6cd5\u4eba \u4f51\u5fd7\u4f1a\u3000\u5b88\u5c4b\u75c5\u9662","description":"\u5916\u79d1\uff08\u4e73\u817a\u5916\u6765\u3092\u542b\u3080\uff09,\u5185\u79d1\uff08\u809d\u81d3\u30fb\u5faa\u74b0\u5668\u5916\u6765\u3092\u542b\u3080\uff09,\u6574\u5f62\u5916\u79d1,\u6d88\u5316\u5668\u5185\u79d1,\u30ea\u30cf\u30d3\u30ea\u30c6\u30fc\u30b7\u30e7\u30f3\u79d1 \u4e73\u304c\u3093\u691c\u8a3a","publisher":{"@id":"https:\/\/yuushikai.or.jp\/moriya\/#organization"},"potentialAction":[{"@type":"SearchAction","target":{"@type":"EntryPoint","urlTemplate":"https:\/\/yuushikai.or.jp\/moriya\/?s={search_term_string}"},"query-input":{"@type":"PropertyValueSpecification","valueRequired":true,"valueName":"search_term_string"}}],"inLanguage":"ja"},{"@type":"Organization","@id":"https:\/\/yuushikai.or.jp\/moriya\/#organization","name":"\u533b\u7642\u6cd5\u4eba \u4f51\u5fd7\u4f1a\u3000\u5b88\u5c4b\u75c5\u9662","url":"https:\/\/yuushikai.or.jp\/moriya\/","logo":{"@type":"ImageObject","inLanguage":"ja","@id":"https:\/\/yuushikai.or.jp\/moriya\/#\/schema\/logo\/image\/","url":"https:\/\/yuushikai.or.jp\/moriya\/wp-content\/uploads\/2018\/04\/logomoriya2.png","contentUrl":"https:\/\/yuushikai.or.jp\/moriya\/wp-content\/uploads\/2018\/04\/logomoriya2.png","width":400,"height":60,"caption":"\u533b\u7642\u6cd5\u4eba \u4f51\u5fd7\u4f1a\u3000\u5b88\u5c4b\u75c5\u9662"},"image":{"@id":"https:\/\/yuushikai.or.jp\/moriya\/#\/schema\/logo\/image\/"}}]}},"_links":{"self":[{"href":"https:\/\/yuushikai.or.jp\/moriya\/wp-json\/wp\/v2\/pages\/2144","targetHints":{"allow":["GET"]}}],"collection":[{"href":"https:\/\/yuushikai.or.jp\/moriya\/wp-json\/wp\/v2\/pages"}],"about":[{"href":"https:\/\/yuushikai.or.jp\/moriya\/wp-json\/wp\/v2\/types\/page"}],"author":[{"embeddable":true,"href":"https:\/\/yuushikai.or.jp\/moriya\/wp-json\/wp\/v2\/users\/1"}],"replies":[{"embeddable":true,"href":"https:\/\/yuushikai.or.jp\/moriya\/wp-json\/wp\/v2\/comments?post=2144"}],"version-history":[{"count":4,"href":"https:\/\/yuushikai.or.jp\/moriya\/wp-json\/wp\/v2\/pages\/2144\/revisions"}],"predecessor-version":[{"id":2660,"href":"https:\/\/yuushikai.or.jp\/moriya\/wp-json\/wp\/v2\/pages\/2144\/revisions\/2660"}],"wp:attachment":[{"href":"https:\/\/yuushikai.or.jp\/moriya\/wp-json\/wp\/v2\/media?parent=2144"}],"curies":[{"name":"wp","href":"https:\/\/api.w.org\/{rel}","templated":true}]}}